{"id":5167,"date":"2024-02-24T11:49:41","date_gmt":"2024-02-24T11:49:41","guid":{"rendered":"http:\/\/blot.ad\/food-truck\/"},"modified":"2024-11-18T16:55:35","modified_gmt":"2024-11-18T16:55:35","slug":"food-truck","status":"publish","type":"page","link":"https:\/\/blot.ad\/fr\/food-truck\/","title":{"rendered":"Food Truck"},"content":{"rendered":"\t\t<div data-elementor-type=\"wp-page\" data-elementor-id=\"5167\" class=\"elementor elementor-5167 elementor-3430\" data-elementor-post-type=\"page\">\n\t\t\t\t<div class=\"elementor-element elementor-element-7897f37b c-box e-con-full e-flex e-con e-parent\" data-id=\"7897f37b\" data-element_type=\"container\" data-e-type=\"container\" data-settings=\"{&quot;jet_parallax_layout_list&quot;:[],&quot;background_background&quot;:&quot;classic&quot;}\">\n\t\t\t\t<div class=\"elementor-element elementor-element-4defa727 b-titles-ft elementor-widget elementor-widget-heading\" data-id=\"4defa727\" data-element_type=\"widget\" data-e-type=\"widget\" data-widget_type=\"heading.default\">\n\t\t\t\t<div class=\"elementor-widget-container\">\n\t\t\t\t\t<h1 class=\"elementor-heading-title elementor-size-default\">FOOD<br><span>TRUCK<\/span><\/h1>\t\t\t\t<\/div>\n\t\t\t\t<\/div>\n\t\t\t\t<\/div>\n\t\t<div class=\"elementor-element elementor-element-28519d23 e-con-full c-box e-flex e-con e-parent\" data-id=\"28519d23\" data-element_type=\"container\" data-e-type=\"container\" data-settings=\"{&quot;jet_parallax_layout_list&quot;:[]}\">\n\t\t<div class=\"elementor-element elementor-element-397cb9fc e-con-full e-flex e-con e-child\" data-id=\"397cb9fc\" data-element_type=\"container\" data-e-type=\"container\" data-settings=\"{&quot;background_background&quot;:&quot;classic&quot;,&quot;jet_parallax_layout_list&quot;:[]}\">\n\t\t\t\t<\/div>\n\t\t<div class=\"elementor-element elementor-element-65480d2d e-con-full e-flex e-con e-child\" data-id=\"65480d2d\" data-element_type=\"container\" data-e-type=\"container\" data-settings=\"{&quot;background_background&quot;:&quot;classic&quot;,&quot;jet_parallax_layout_list&quot;:[]}\">\n\t\t\t\t<\/div>\n\t\t<div class=\"elementor-element elementor-element-728a0468 e-con-full e-flex e-con e-child\" data-id=\"728a0468\" data-element_type=\"container\" data-e-type=\"container\" data-settings=\"{&quot;background_background&quot;:&quot;classic&quot;,&quot;jet_parallax_layout_list&quot;:[]}\">\n\t\t\t\t<\/div>\n\t\t<div class=\"elementor-element elementor-element-3274a893 e-con-full e-flex e-con e-child\" data-id=\"3274a893\" data-element_type=\"container\" data-e-type=\"container\" data-settings=\"{&quot;jet_parallax_layout_list&quot;:[]}\">\n\t\t\t\t<div class=\"elementor-element elementor-element-7f033fce b-titles-home elementor-widget elementor-widget-heading\" data-id=\"7f033fce\" data-element_type=\"widget\" data-e-type=\"widget\" data-widget_type=\"heading.default\">\n\t\t\t\t<div class=\"elementor-widget-container\">\n\t\t\t\t\t<h2 class=\"elementor-heading-title elementor-size-default\">BLOT<br><span>TRUCKS<span><\/h2>\t\t\t\t<\/div>\n\t\t\t\t<\/div>\n\t\t\t\t<div class=\"elementor-element elementor-element-746f0c5a elementor-widget__width-initial elementor-widget-laptop__width-inherit elementor-widget elementor-widget-text-editor\" data-id=\"746f0c5a\" data-element_type=\"widget\" data-e-type=\"widget\" data-widget_type=\"text-editor.default\">\n\t\t\t\t<div class=\"elementor-widget-container\">\n\t\t\t\t\t\t\t\t\t<p>L&rsquo;exploration fait partie de notre essence viking et, apr\u00e8s tout, qui n&rsquo;aime pas d\u00e9couvrir de nouveaux endroits ?<\/p>\n<p>Avec le foodtruck, nous participons \u00e0 toutes les f\u00eates d&rsquo;Andorre et nous conqu\u00e9rons les c\u0153urs de ceux qui go\u00fbtent \u00e0 nos plats dignes des dieux.<\/p>\n\t\t\t\t\t\t\t\t<\/div>\n\t\t\t\t<\/div>\n\t\t\t\t<\/div>\n\t\t\t\t<\/div>\n\t\t<a class=\"elementor-element elementor-element-1805ab8d e-con-full blot-enter blot-ft e-flex e-con e-parent\" data-id=\"1805ab8d\" data-element_type=\"container\" data-e-type=\"container\" data-settings=\"{&quot;jet_parallax_layout_list&quot;:[]}\" href=\"https:\/\/blot.ad\/food-truck\/carta-ft\/\">\n\t\t\t\t<div class=\"elementor-element elementor-element-1f103854 elementor-widget elementor-widget-html\" data-id=\"1f103854\" data-element_type=\"widget\" data-e-type=\"widget\" data-widget_type=\"html.default\">\n\t\t\t\t<div class=\"elementor-widget-container\">\n\t\t\t\t\t<div class=\"marquee\">\n    <div class=\"marquee__group\">\n      <span><b>ourmenu<\/b><\/span><span><b>ourmenu<\/b><\/span><span><b>ourmenu<\/b><\/span>\n      \n    <\/div>\n  <div class=\"marquee__group\" aria-hidden=\"true\">\n      <span><b>ourmenu<\/b><\/span><span><b>ourmenu<\/b><\/span><span><b>ourmenu<\/b><\/span>\n      \n    <\/div>\n<\/div>\t\t\t\t<\/div>\n\t\t\t\t<\/div>\n\t\t\t\t<\/a>\n\t\t<div class=\"elementor-element elementor-element-39a1d48 c-box e-flex e-con-boxed e-con e-parent\" data-id=\"39a1d48\" data-element_type=\"container\" data-e-type=\"container\" data-settings=\"{&quot;background_background&quot;:&quot;classic&quot;,&quot;jet_parallax_layout_list&quot;:[]}\">\n\t\t\t\t\t<div class=\"e-con-inner\">\n\t\t<div class=\"elementor-element elementor-element-9cb7fce e-con-full e-flex e-con e-child\" data-id=\"9cb7fce\" data-element_type=\"container\" data-e-type=\"container\" data-settings=\"{&quot;jet_parallax_layout_list&quot;:[]}\">\n\t\t\t\t<div class=\"elementor-element elementor-element-949f6f8 b-titles-home elementor-widget-tablet__width-initial elementor-widget-mobile__width-inherit elementor-widget elementor-widget-heading\" data-id=\"949f6f8\" data-element_type=\"widget\" data-e-type=\"widget\" data-widget_type=\"heading.default\">\n\t\t\t\t<div class=\"elementor-widget-container\">\n\t\t\t\t\t<h2 class=\"elementor-heading-title elementor-size-default\">\u00c9V\u00c9NE<br>MENTS<br><span>DU<\/span><br>MOIS<\/h2>\t\t\t\t<\/div>\n\t\t\t\t<\/div>\n\t\t\t\t<div class=\"elementor-element elementor-element-8ad0749 elementor-align-left elementor-widget elementor-widget-button\" data-id=\"8ad0749\" data-element_type=\"widget\" data-e-type=\"widget\" id=\"load-events\" data-widget_type=\"button.default\">\n\t\t\t\t<div class=\"elementor-widget-container\">\n\t\t\t\t\t\t\t\t\t<div class=\"elementor-button-wrapper\">\n\t\t\t\t\t<a class=\"elementor-button elementor-button-link elementor-size-sm\" href=\"#\">\n\t\t\t\t\t\t<span class=\"elementor-button-content-wrapper\">\n\t\t\t\t\t\t\t\t\t<span class=\"elementor-button-text\">Plus<\/span>\n\t\t\t\t\t<\/span>\n\t\t\t\t\t<\/a>\n\t\t\t\t<\/div>\n\t\t\t\t\t\t\t\t<\/div>\n\t\t\t\t<\/div>\n\t\t\t\t<\/div>\n\t\t<div class=\"elementor-element elementor-element-6fd91fc e-con-full e-flex e-con e-child\" data-id=\"6fd91fc\" data-element_type=\"container\" data-e-type=\"container\" data-settings=\"{&quot;jet_parallax_layout_list&quot;:[]}\">\n\t\t\t\t<div class=\"elementor-element elementor-element-298dd6c elementor-hidden-mobile elementor-widget elementor-widget-jet-listing-grid\" data-id=\"298dd6c\" data-element_type=\"widget\" data-e-type=\"widget\" data-settings=\"{&quot;columns&quot;:&quot;2&quot;,&quot;columns_laptop&quot;:&quot;2&quot;,&quot;columns_tablet&quot;:&quot;2&quot;,&quot;columns_mobile&quot;:&quot;1&quot;}\" data-widget_type=\"jet-listing-grid.default\">\n\t\t\t\t<div class=\"elementor-widget-container\">\n\t\t\t\t\t<div class=\"jet-listing-grid jet-listing\"><div class=\"jet-listing-not-found jet-listing-grid__items\" data-nav=\"{&quot;enabled&quot;:true,&quot;type&quot;:&quot;click&quot;,&quot;more_el&quot;:&quot;#load-events&quot;,&quot;query&quot;:{&quot;query_id&quot;:6,&quot;posts_per_page&quot;:4,&quot;signature&quot;:&quot;71ccadbd4267152e8e13a3b7fbc0efc32cf98ca1ffdc80e98b976b97d7bf3595&quot;},&quot;widget_settings&quot;:{&quot;lisitng_id&quot;:6939,&quot;posts_num&quot;:4,&quot;columns&quot;:2,&quot;columns_tablet&quot;:2,&quot;columns_mobile&quot;:1,&quot;column_min_width&quot;:240,&quot;column_min_width_tablet&quot;:240,&quot;column_min_width_mobile&quot;:240,&quot;inline_columns_css&quot;:false,&quot;is_archive_template&quot;:&quot;&quot;,&quot;post_status&quot;:[&quot;publish&quot;],&quot;use_random_posts_num&quot;:&quot;&quot;,&quot;max_posts_num&quot;:9,&quot;not_found_message&quot;:&quot;Il n&#039;y a aucun \\u00e9v\\u00e9nement \\u00e0 venir.&quot;,&quot;is_masonry&quot;:false,&quot;equal_columns_height&quot;:&quot;yes&quot;,&quot;use_load_more&quot;:&quot;yes&quot;,&quot;load_more_id&quot;:&quot;load-events&quot;,&quot;load_more_type&quot;:&quot;click&quot;,&quot;load_more_offset&quot;:null,&quot;use_custom_post_types&quot;:&quot;&quot;,&quot;custom_post_types&quot;:[],&quot;hide_widget_if&quot;:&quot;&quot;,&quot;carousel_enabled&quot;:&quot;&quot;,&quot;slides_to_scroll&quot;:&quot;1&quot;,&quot;arrows&quot;:&quot;true&quot;,&quot;arrow_icon&quot;:&quot;fa fa-angle-left&quot;,&quot;dots&quot;:&quot;&quot;,&quot;autoplay&quot;:&quot;true&quot;,&quot;pause_on_hover&quot;:&quot;true&quot;,&quot;autoplay_speed&quot;:5000,&quot;infinite&quot;:&quot;true&quot;,&quot;center_mode&quot;:&quot;&quot;,&quot;effect&quot;:&quot;slide&quot;,&quot;speed&quot;:500,&quot;inject_alternative_items&quot;:&quot;&quot;,&quot;injection_items&quot;:[],&quot;scroll_slider_enabled&quot;:&quot;&quot;,&quot;scroll_slider_on&quot;:[&quot;desktop&quot;,&quot;tablet&quot;,&quot;mobile&quot;],&quot;custom_query&quot;:&quot;yes&quot;,&quot;custom_query_id&quot;:&quot;6&quot;,&quot;_element_id&quot;:&quot;&quot;,&quot;collapse_first_last_gap&quot;:false,&quot;list_tag_selection&quot;:&quot;&quot;,&quot;list_items_wrapper_tag&quot;:&quot;div&quot;,&quot;list_item_tag&quot;:&quot;div&quot;,&quot;empty_items_wrapper_tag&quot;:&quot;div&quot;}}\" data-listing-source=\"query\" data-listing-id=\"6939\" data-query-id=\"6\" data-queried-id=\"5167|WP_Post\">Il n'y a aucun \u00e9v\u00e9nement \u00e0 venir.<\/div><\/div>\t\t\t\t<\/div>\n\t\t\t\t<\/div>\n\t\t\t\t<div class=\"elementor-element elementor-element-2f35dc4 elementor-hidden-widescreen elementor-hidden-desktop elementor-hidden-laptop elementor-hidden-tablet elementor-widget elementor-widget-jet-listing-grid\" data-id=\"2f35dc4\" data-element_type=\"widget\" data-e-type=\"widget\" data-settings=\"{&quot;columns&quot;:&quot;2&quot;,&quot;columns_laptop&quot;:&quot;3&quot;,&quot;columns_tablet&quot;:&quot;2&quot;,&quot;columns_mobile&quot;:&quot;1&quot;}\" data-widget_type=\"jet-listing-grid.default\">\n\t\t\t\t<div class=\"elementor-widget-container\">\n\t\t\t\t\t<div class=\"jet-listing-grid jet-listing\"><div class=\"jet-listing-not-found jet-listing-grid__items\" data-nav=\"{&quot;enabled&quot;:false,&quot;type&quot;:null,&quot;more_el&quot;:null,&quot;query&quot;:[],&quot;widget_settings&quot;:{&quot;lisitng_id&quot;:6939,&quot;posts_num&quot;:4,&quot;columns&quot;:2,&quot;columns_tablet&quot;:2,&quot;columns_mobile&quot;:1,&quot;column_min_width&quot;:240,&quot;column_min_width_tablet&quot;:240,&quot;column_min_width_mobile&quot;:240,&quot;inline_columns_css&quot;:false,&quot;is_archive_template&quot;:&quot;&quot;,&quot;post_status&quot;:[&quot;publish&quot;],&quot;use_random_posts_num&quot;:&quot;&quot;,&quot;max_posts_num&quot;:9,&quot;not_found_message&quot;:&quot;No data was found&quot;,&quot;is_masonry&quot;:false,&quot;equal_columns_height&quot;:&quot;&quot;,&quot;use_load_more&quot;:&quot;&quot;,&quot;load_more_id&quot;:&quot;&quot;,&quot;load_more_type&quot;:&quot;click&quot;,&quot;load_more_offset&quot;:null,&quot;use_custom_post_types&quot;:&quot;&quot;,&quot;custom_post_types&quot;:[],&quot;hide_widget_if&quot;:&quot;&quot;,&quot;carousel_enabled&quot;:&quot;yes&quot;,&quot;slides_to_scroll&quot;:&quot;1&quot;,&quot;arrows&quot;:&quot;true&quot;,&quot;arrow_icon&quot;:&quot;fa fa-angle-left&quot;,&quot;dots&quot;:&quot;&quot;,&quot;autoplay&quot;:&quot;true&quot;,&quot;pause_on_hover&quot;:&quot;true&quot;,&quot;autoplay_speed&quot;:5000,&quot;infinite&quot;:&quot;true&quot;,&quot;center_mode&quot;:&quot;&quot;,&quot;effect&quot;:&quot;slide&quot;,&quot;speed&quot;:500,&quot;inject_alternative_items&quot;:&quot;&quot;,&quot;injection_items&quot;:[],&quot;scroll_slider_enabled&quot;:&quot;&quot;,&quot;scroll_slider_on&quot;:[&quot;desktop&quot;,&quot;tablet&quot;,&quot;mobile&quot;],&quot;custom_query&quot;:&quot;yes&quot;,&quot;custom_query_id&quot;:&quot;6&quot;,&quot;_element_id&quot;:&quot;&quot;,&quot;collapse_first_last_gap&quot;:false,&quot;list_tag_selection&quot;:&quot;&quot;,&quot;list_items_wrapper_tag&quot;:&quot;div&quot;,&quot;list_item_tag&quot;:&quot;div&quot;,&quot;empty_items_wrapper_tag&quot;:&quot;div&quot;}}\" data-listing-source=\"query\" data-listing-id=\"6939\" data-query-id=\"6\" data-queried-id=\"5167|WP_Post\">No data was found<\/div><\/div>\t\t\t\t<\/div>\n\t\t\t\t<\/div>\n\t\t\t\t<\/div>\n\t\t\t\t\t<\/div>\n\t\t\t\t<\/div>\n\t\t<div class=\"elementor-element elementor-element-34ae86f c-box e-flex e-con-boxed e-con e-parent\" data-id=\"34ae86f\" data-element_type=\"container\" data-e-type=\"container\" data-settings=\"{&quot;background_background&quot;:&quot;classic&quot;,&quot;jet_parallax_layout_list&quot;:[]}\">\n\t\t\t\t\t<div class=\"e-con-inner\">\n\t\t<div class=\"elementor-element elementor-element-a31b1ea e-con-full e-flex e-con e-child\" data-id=\"a31b1ea\" data-element_type=\"container\" data-e-type=\"container\" data-settings=\"{&quot;jet_parallax_layout_list&quot;:[]}\">\n\t\t\t\t<div class=\"elementor-element elementor-element-50757d8 b-titles-home elementor-widget elementor-widget-heading\" data-id=\"50757d8\" data-element_type=\"widget\" data-e-type=\"widget\" data-widget_type=\"heading.default\">\n\t\t\t\t<div class=\"elementor-widget-container\">\n\t\t\t\t\t<h2 class=\"elementor-heading-title elementor-size-default\"><span>LA<\/span>TRIBU<br><span>SE<\/span>REGROUPE<\/h2>\t\t\t\t<\/div>\n\t\t\t\t<\/div>\n\t\t\t\t<\/div>\n\t\t<div class=\"elementor-element elementor-element-de8e005 e-con-full e-flex e-con e-child\" data-id=\"de8e005\" data-element_type=\"container\" data-e-type=\"container\" data-settings=\"{&quot;jet_parallax_layout_list&quot;:[]}\">\n\t\t\t\t<div class=\"elementor-element elementor-element-72a9a9f elementor-widget__width-inherit elementor-widget elementor-widget-text-editor\" data-id=\"72a9a9f\" data-element_type=\"widget\" data-e-type=\"widget\" data-widget_type=\"text-editor.default\">\n\t\t\t\t<div class=\"elementor-widget-container\">\n\t\t\t\t\t\t\t\t\t<p><strong>Si tu es un v\u00e9ritable viking, le foodtruck et son \u00e9quipage voyageront l\u00e0 o\u00f9 tu en as besoin. Invite-nous \u00e0 ta f\u00eate et nous t&rsquo;apporterons l&rsquo;exp\u00e9rience viking!<\/strong><\/p>\n\t\t\t\t\t\t\t\t<\/div>\n\t\t\t\t<\/div>\n\t\t\t\t<div class=\"elementor-element elementor-element-bdc4682 elementor-widget elementor-widget-button\" data-id=\"bdc4682\" data-element_type=\"widget\" data-e-type=\"widget\" data-widget_type=\"button.default\">\n\t\t\t\t<div class=\"elementor-widget-container\">\n\t\t\t\t\t\t\t\t\t<div class=\"elementor-button-wrapper\">\n\t\t\t\t\t<a class=\"elementor-button elementor-button-link elementor-size-sm\" href=\"mailto:info@blot.ad\" target=\"_blank\">\n\t\t\t\t\t\t<span class=\"elementor-button-content-wrapper\">\n\t\t\t\t\t\t\t\t\t<span class=\"elementor-button-text\">CONTACTEZ-NOUS<\/span>\n\t\t\t\t\t<\/span>\n\t\t\t\t\t<\/a>\n\t\t\t\t<\/div>\n\t\t\t\t\t\t\t\t<\/div>\n\t\t\t\t<\/div>\n\t\t\t\t<\/div>\n\t\t\t\t\t<\/div>\n\t\t\t\t<\/div>\n\t\t<a class=\"elementor-element elementor-element-39b811db e-con-full blot-enter blot-ft e-flex e-con e-parent\" data-id=\"39b811db\" data-element_type=\"container\" data-e-type=\"container\" data-settings=\"{&quot;jet_parallax_layout_list&quot;:[]}\" href=\"http:\/\/blot.ad\/documentos\/BLOT_dossier-food-trucks.pdf\">\n\t\t\t\t<div class=\"elementor-element elementor-element-283764e5 elementor-widget elementor-widget-html\" data-id=\"283764e5\" data-element_type=\"widget\" data-e-type=\"widget\" data-widget_type=\"html.default\">\n\t\t\t\t<div class=\"elementor-widget-container\">\n\t\t\t\t\t<div class=\"marquee\">\n    <div class=\"marquee__group\">\n      <span><b>d\u00e9couvrir plus<\/b><\/span><span><b>discovermore<\/b><\/span><span><b>d\u00e9couvrir<\/b><\/span>\n      \n    <\/div>\n  <div class=\"marquee__group\" aria-hidden=\"true\">\n      <span><b>d\u00e9couvrir plus<\/b><\/span><span><b>discovermore<\/b><\/span><span><b>d\u00e9couvrir<\/b><\/span>\n      \n    <\/div>\n<\/div>\t\t\t\t<\/div>\n\t\t\t\t<\/div>\n\t\t\t\t<\/a>\n\t\t\t\t<\/div>\n\t\t","protected":false},"excerpt":{"rendered":"<p>FOODTRUCK BLOTTRUCKS L&rsquo;exploration fait partie de notre essence viking et, apr\u00e8s tout, qui n&rsquo;aime pas d\u00e9couvrir de nouveaux endroits ? Avec le foodtruck, nous participons \u00e0 toutes les f\u00eates d&rsquo;Andorre et nous conqu\u00e9rons les c\u0153urs de ceux qui go\u00fbtent \u00e0 nos plats dignes des dieux. ourmenuourmenuourmenu ourmenuourmenuourmenu \u00c9V\u00c9NEMENTSDUMOIS Plus desde: 29.11 Mercat de Nadal Andorra [&hellip;]<\/p>\n","protected":false},"author":1,"featured_media":0,"parent":0,"menu_order":0,"comment_status":"closed","ping_status":"closed","template":"","meta":{"footnotes":""},"class_list":["post-5167","page","type-page","status-publish","hentry"],"_links":{"self":[{"href":"https:\/\/blot.ad\/fr\/wp-json\/wp\/v2\/pages\/5167","targetHints":{"allow":["GET"]}}],"collection":[{"href":"https:\/\/blot.ad\/fr\/wp-json\/wp\/v2\/pages"}],"about":[{"href":"https:\/\/blot.ad\/fr\/wp-json\/wp\/v2\/types\/page"}],"author":[{"embeddable":true,"href":"https:\/\/blot.ad\/fr\/wp-json\/wp\/v2\/users\/1"}],"replies":[{"embeddable":true,"href":"https:\/\/blot.ad\/fr\/wp-json\/wp\/v2\/comments?post=5167"}],"version-history":[{"count":2,"href":"https:\/\/blot.ad\/fr\/wp-json\/wp\/v2\/pages\/5167\/revisions"}],"predecessor-version":[{"id":7907,"href":"https:\/\/blot.ad\/fr\/wp-json\/wp\/v2\/pages\/5167\/revisions\/7907"}],"wp:attachment":[{"href":"https:\/\/blot.ad\/fr\/wp-json\/wp\/v2\/media?parent=5167"}],"curies":[{"name":"wp","href":"https:\/\/api.w.org\/{rel}","templated":true}]}}