{"id":2280,"date":"2023-12-08T11:56:13","date_gmt":"2023-12-08T11:56:13","guid":{"rendered":"http:\/\/blot.ad\/mentions-legales\/"},"modified":"2023-12-11T12:13:12","modified_gmt":"2023-12-11T12:13:12","slug":"mentions-legales","status":"publish","type":"page","link":"https:\/\/blot.ad\/fr\/mentions-legales\/","title":{"rendered":"Mentions <span>L\u00e9gales<\/span>"},"content":{"rendered":"\n<p><strong><u>TERMINOS Y CONDICIONES DE USO<\/u><\/strong><\/p>\n\n<p><strong>1.Informaci\u00f3n General.<\/strong><\/p>\n\n<p>LULA S.L, en adelante Bl\u00f3t Craftbeer &amp; Food, con NRT: L-712536-B, con domicilio fiscal Cami Ral no4, Edifici trebol de quatre fulles, PB1, Prats, Canillo, AD100; tel\u00e9fono: +376 815 974, informa que es propietaria en pleno dominio del presente sitio web blotcraftbeer.com<\/p>\n\n<ol class=\"wp-block-list\" start=\"2\">\n<li><strong>Condiciones generales de uso y su aceptaci\u00f3n.<\/strong><\/li>\n<\/ol>\n\n<p>Las presentes condiciones generales regulan el r\u00e9gimen de visita y utilizaci\u00f3n de los contenidos del sitio web blotcraftbeer.com, que Bl\u00f3t Craftbeer &amp; Food pone a disposici\u00f3n de sus usuarios. Si prosigue navegando por esta p\u00e1gina, o accede o utiliza cualquiera de las dem\u00e1s p\u00e1ginas, informaciones, contenidos o noticias accesibles desde la misma, que integran en su conjunto la web de Bl\u00f3t Craftbeer &amp; Food, o parte de ella, acepta voluntaria e inequ\u00edvocamente, en su plenitud y sin exclusi\u00f3n total o parcial alguna, el contenido de las presentes condiciones de utilizaci\u00f3n. Si no est\u00e1 de acuerdo con el contenido de las presentes condiciones generales de utilizaci\u00f3n, deber\u00e1 abstenerse de navegar por la presente p\u00e1gina web, abandon\u00e1ndola en este mismo momento.<\/p>\n\n<ol class=\"wp-block-list\" start=\"3\">\n<li><strong>Objeto.<\/strong><\/li>\n<\/ol>\n\n<p>A trav\u00e9s de la presente p\u00e1gina web, blotcraftbeer.com, se pretende informar a los usuarios de la misma sobre nuestra Empresa, sus actividades y productos.<\/p>\n\n<ol class=\"wp-block-list\" start=\"4\">\n<li><strong>Condiciones de acceso.<\/strong><\/li>\n<\/ol>\n\n<p>La prestaci\u00f3n del servicio de sitio web por parte de blotcraftbeer.com tiene car\u00e1cter gratuito para los usuarios, y no exige la previa suscripci\u00f3n o registro.<\/p>\n\n<ol class=\"wp-block-list\" start=\"5\">\n<li><strong>Condiciones de utilizaci\u00f3n.<\/strong><\/li>\n<\/ol>\n\n<p>El usuario se compromete a hacer un uso adecuado y l\u00edcito del sitio web, as\u00ed como de los contenidos y servicios de \u00e9ste, de conformidad con la legislaci\u00f3n aplicable en cada momento, las presentes condiciones generales de uso, la moral, las buenas costumbres generalmente aceptadas y el orden p\u00fablico. Espec\u00edficamente, el usuario deber\u00e1 abstenerse rotundamente de:<\/p>\n\n<ol class=\"wp-block-list\">\n<li>a) Facilitar informaci\u00f3n veraz sobre los datos solicitados en el formulario de realizaci\u00f3n del pedido, y a mantenerlos actualizados.<\/li>\n\n\n\n<li>b) No introducir, almacenar o difundir en o desde el portal, cualquier informaci\u00f3n o material que fuera difamatorio, injurioso, obsceno, amenazador, xen\u00f3fobo, incite a la violencia a la discriminaci\u00f3n por raz\u00f3n de raza, sexo, ideolog\u00eda, religi\u00f3n o que de cualquier forma atente contra la moral, el orden p\u00fablico, los derechos fundamentales, las libertades p\u00fablicas, el honor, la intimidad o la imagen de terceros y en general la normativa vigente.<\/li>\n\n\n\n<li>c) No introducir, almacenar o difundir mediante el portal ning\u00fan programa, datos, virus, c\u00f3digo, o cualquier otro dispositivo electr\u00f3nico o f\u00edsico que sea susceptible de causar da\u00f1os en el portal, en cualquiera de los servicios, o en cualquiera de los equipos, sistemas o redes de Bl\u00f3t Craftbeer &amp; Food, de cualquier otro usuario, de los proveedores de Bl\u00f3t Craftbeer &amp; Food o en general de cualquier tercero.<\/li>\n\n\n\n<li>d) No realizar actividades publicitarias o de explotaci\u00f3n comercial a trav\u00e9s del portal, y a no utilizar los contenidos y la informaci\u00f3n del mismo para remitir publicidad, o enviar mensajes con cualquier otro fin comercial, ni para recoger o almacenar datos personales de terceros.<\/li>\n\n\n\n<li>e) No utilizar identidades falsas, ni suplantar la identidad de otros en la utilizaci\u00f3n del portal o en la utilizaci\u00f3n de cualquiera de los servicios del mismo, incluyendo la utilizaci\u00f3n en su caso de contrase\u00f1as o claves de acceso de terceros o de cualquier otra forma.<\/li>\n\n\n\n<li>f) No destruir, alterar, utilizar para su uso, inutilizar o da\u00f1ar los datos, informaciones, programas o documentos electr\u00f3nicos de Bl\u00f3t Craftbeer &amp; Food, sus proveedores o terceros.<\/li>\n\n\n\n<li>g) No introducir, almacenar o difundir mediante el portal cualquier contenido que infrinja derechos de propiedad intelectual, industrial o secretos empresariales de terceros, ni en general ning\u00fan contenido del cual no ostentar\u00e1, de conformidad con la ley, el derecho a ponerlo a disposici\u00f3n de tercero.<\/li>\n\n\n\n<li><strong>Derechos de autor, propiedad intelectual e industrial.<\/strong><\/li>\n<\/ol>\n\n<p>Son de propiedad de Bl\u00f3t Craftbeer &amp; Food todos los contenidos de blotcraftbeer.com que supongan: su dise\u00f1o gr\u00e1fico, sus logos, las im\u00e1genes, los textos y dem\u00e1s elementos contenidos en la misma. Igualmente, el usuario reconoce y acepta que todas las marcas, nombres comerciales o signos distintivos, y todos los derechos de propiedad industrial e intelectual inherentes a los mismos, sobre los contenidos y\/o cualesquiera otros elementos insertados en la p\u00e1gina, son propiedad exclusiva de blotcraftbeer.com y\/o de terceros, quienes tienen el derecho exclusivo de utilizarlos en el tr\u00e1fico econ\u00f3mico. Bajo ning\u00fan supuesto, el acceso a los contenidos de la p\u00e1gina web supone la renuncia, transmisi\u00f3n, cesi\u00f3n, licencia total o parcial de dichos derechos, ni confiere ning\u00fan derecho de utilizaci\u00f3n, traducci\u00f3n, adaptaci\u00f3n, alteraci\u00f3n, explotaci\u00f3n, reproducci\u00f3n, distribuci\u00f3n o comunicaci\u00f3n p\u00fablica de dichos contenidos, sin la previa y expresa autorizaci\u00f3n de blotcraftbeer.com o sus titulares legales. Ning\u00fan material de los que se presentan en la p\u00e1gina web de blotcraftbeer.com podr\u00e1 ser copiado, reproducido, publicado, cargado en equipos inform\u00e1ticos, enviado por correo, transmitido o distribuido en forma alguna, en especial mediante publicaci\u00f3n en otras p\u00e1ginas web o en entornos de red, distinta de la descarga en su ordenador personal para su exclusivo uso dom\u00e9stico, respetando rigurosamente todos los copyright y avisos de propiedad.<\/p>\n\n<ol class=\"wp-block-list\" start=\"7\">\n<li><strong>Protecci\u00f3n de datos facilitados por el usuario.<\/strong><\/li>\n<\/ol>\n\n<p>LULA S.L, Bl\u00f3t Craftbeer &amp; Food, es el Responsable del tratamiento de los datos personales del Usuario e informa que estos datos ser\u00e1n tratados en conformidad con el que disponen las normativas vigentes en protecci\u00f3n de datos personales, el Reglamento (UE) 2016\/679 de 27 de abril de 2016 (GDPR) relativo a la protecci\u00f3n de las personas f\u00edsicas en cuanto al tratamiento de datos personales y a la libre circulaci\u00f3n de estos datos y a la ley 15\/2003 del 18 de diciembre, calificada de protecci\u00f3n de datos personales, por el que se le facilita la siguiente informaci\u00f3n del tratamiento: mantener una relaci\u00f3n comercial con el Usuario<\/p>\n\n<p>Los datos objeto de tratamiento que el usuario facilite a blotcraftbeer.com a trav\u00e9s del apartado \u201cContacto\u201d, no podr\u00e1n usarse para finalidades incompatibles con aquellas para las que los datos hubieran sido recogidos. Bl\u00f3t Craftbeer &amp; Food se compromete a tratar dichos datos de manera confidencial y de conformidad con el contenido del Texto Legal anteriormente citado. Cualquier otro uso de los datos, distinto a los mencionados, requerir\u00e1 previo y expreso consentimiento del usuario. El usuario podr\u00e1 en todo momento acceder a dichos ficheros, con la finalidad de solicitar y obtener la rectificaci\u00f3n, cancelaci\u00f3n, modificaci\u00f3n u oposici\u00f3n de sus datos personales, mediante el env\u00edo de una carta al domicilio social de Bl\u00f3t Craftbeer &amp; Food, anteriormente rese\u00f1ado.<\/p>\n\n<ol class=\"wp-block-list\" start=\"8\">\n<li><strong>Responsabilidad.<\/strong><\/li>\n<\/ol>\n\n<p>Bl\u00f3t Craftbeer &amp; Food no garantiza la ausencia de virus o elementos similares en los documentos electr\u00f3nicos y ficheros almacenados en su sistema inform\u00e1tico y en su p\u00e1gina web, que pudieran producir alteraciones de software y hardware para el usuario. La utilizaci\u00f3n de nuestra p\u00e1gina web y de sus contenidos supone la aceptaci\u00f3n por parte del usuario de los anteriores riesgos y, por ello, \u00e9ste excluye a Bl\u00f3t Craftbeer &amp; Food de cualquier responsabilidad por los da\u00f1os y perjuicios de toda naturaleza derivados de la eventual presencia de virus u otros elementos an\u00e1logos. As\u00edmismo, Bl\u00f3t Craftbeer &amp; Food intentar\u00e1 con todos los medios a su alcance garantizar la seguridad de la informaci\u00f3n facilitada por los usuarios. No obstante, como es com\u00fanmente conocido, la seguridad en el entorno de Internet no puede ser garantizada en su totalidad, en ning\u00fan momento.<\/p>\n\n<ol class=\"wp-block-list\" start=\"9\">\n<li><strong>Links.<\/strong><\/li>\n<\/ol>\n\n<p>Nuestro sitio web puede contener v\u00ednculos a otras p\u00e1ginas web, en que las pr\u00e1cticas de informaci\u00f3n y condiciones de uso pueden ser diferentes de las nuestras. Por ello, los usuarios deber\u00e1n consultar las notificaciones de privacidad de las otras p\u00e1ginas a las que accedan; ya que Bl\u00f3t Craftbeer &amp; Food no conoce, controla, vigila o hace propios los contenidos de las mismas y, por tanto, no se hace responsable de la informaci\u00f3n suministrada o recogida por estos terceros, excluyendo expresamente cualquier responsabilidad por los da\u00f1os y perjuicios de toda clase que pudieran derivarse del acceso a las p\u00e1ginas o contenidos que enlacen directamente desde blotcraftbeer.com. Por consiguiente, blotcraftbeer.com declina cualquier responsabilidad respecto a la informaci\u00f3n que se incluya fuera de este sitio web y no gestionada por blotcraftbeer.com.<\/p>\n\n<ol class=\"wp-block-list\" start=\"10\">\n<li><strong>Uso de tecnolog\u00eda cookie.<\/strong><\/li>\n<\/ol>\n\n<p>Bl\u00f3t Craftbeer &amp; Food se reserva el derecho de utilizaci\u00f3n de las denominadas cookies o archivos similares, en cualquier tipo de utilizaci\u00f3n del portal. No obstante, las cookies utilizadas se asocian \u00fanicamente con usuarios an\u00f3nimos y sus terminales, sin proporcionar referencias que permitan deducir datos personales del usuario. Asimismo, en relaci\u00f3n a cuanto antecede, Bl\u00f3t Craftbeer &amp; Food le informa sobre el hecho de que la mayor\u00eda de los navegadores web en la red, permiten a los usuarios borrar las cookies del disco duro de su ordenador, bloquearlas o recibir un mensaje antes de grabar una. (<a href=\"https:\/\/basquebeer.com\/mas-informacion-sobre-las-cookies\/\" target=\"_blank\" rel=\"noopener\">M\u00e1s informaci\u00f3n<\/a>).<\/p>\n\n<ol class=\"wp-block-list\" start=\"11\">\n<li><strong>Modificaciones en el sitio web, en los servicios y en los contenidos.<\/strong><\/li>\n<\/ol>\n\n<p>Bl\u00f3t Craftbeer &amp; Food se reserva el derecho a modificar unilateralmente y en cualquier momento, sin previo aviso, la presentaci\u00f3n y contenido del sitio web, sus servicios y las condiciones generales de uso. Dichas modificaciones ser\u00e1n para mejorar la p\u00e1gina, mejorando simult\u00e1neamente los servicios ofrecidos al usuario. Por cuanto antecede, Bl\u00f3t Craftbeer &amp; Food (blotcraftbeer.com) le ruega encarecidamente que proceda a la revisi\u00f3n y comprobaci\u00f3n de las condiciones generales de uso, cada una de las veces que acceda a la web, siendo de su propia responsabilidad el no hacerlo y suponiendo ello que, aun as\u00ed, acepta t\u00e1citamente el contenido de las mismas.<\/p>\n\n<ol class=\"wp-block-list\" start=\"12\">\n<li><strong>Terminaci\u00f3n.<\/strong><\/li>\n<\/ol>\n\n<p>Si bien, en principio, la duraci\u00f3n de este sitio web es indeterminada, Bl\u00f3t Craftbeer &amp; Food se reserva el derecho a suspender o dar por terminada la prestaci\u00f3n de algunos o todos de sus servicios, sin que esta decisi\u00f3n deba ser comunicada con antelaci\u00f3n a los usuarios del mismo.<\/p>\n\n<ol class=\"wp-block-list\" start=\"13\">\n<li><strong>Ley y jurisdicci\u00f3n aplicables.<\/strong><\/li>\n<\/ol>\n\n<p>Las presentes Condiciones de Uso se rigen por la legislaci\u00f3n del Principado de Andorra. En caso de que el Usuario act\u00fae en su condici\u00f3n de consumidor, se estar\u00e1 a lo dispuesto en las normas imperativas que resulten aplicables.<\/p>\n\n<p>La resoluci\u00f3n de todas las controversias o cuestiones relacionadas con las presentes Condiciones de Uso o la Web o las actividades en ella desarrolladas, se someter\u00e1 a los tribunales competentes del Principado de Andorra. En caso de que el Usuario act\u00fae en su condici\u00f3n de consumidor, al tribunal del domicilio que corresponda al consumidor.<\/p>\n\n<ol class=\"wp-block-list\" start=\"14\">\n<li><strong>Contacto.<\/strong><\/li>\n<\/ol>\n\n<p>Para cualquier comunicaci\u00f3n entre el Usuario y Bl\u00f3t Cfradtbeer &amp; Food, el Usuario puede dirigirse a <a href=\"mailto:blotbeer@gmail.com\">blotbeer@gmail.com<\/a> .<\/p>\n\n<ol class=\"wp-block-list\" start=\"15\">\n<li><strong>Responsabilidades.<\/strong><\/li>\n<\/ol>\n\n<p>El incumplimiento de las presentes condiciones generales de uso, o la utilizaci\u00f3n de la p\u00e1gina web blotcraftbeer.com en t\u00e9rminos contrarios a los establecidos, dar\u00e1 lugar a la exigencia de las responsabilidades derivadas de cuanto antecede, mediante el ejercicio de las acciones judiciales que Bl\u00f3t Cfradtbeer &amp; Food estime pertinentes en cada momento.<\/p>\n","protected":false},"excerpt":{"rendered":"<p>TERMINOS Y CONDICIONES DE USO 1.Informaci\u00f3n General. LULA S.L, en adelante Bl\u00f3t Craftbeer &amp; Food, con NRT: L-712536-B, con domicilio fiscal Cami Ral no4, Edifici trebol de quatre fulles, PB1, Prats, Canillo, AD100; tel\u00e9fono: +376 815 974, informa que es propietaria en pleno dominio del presente sitio web blotcraftbeer.com Las presentes condiciones generales regulan el [&hellip;]<\/p>\n","protected":false},"author":1,"featured_media":0,"parent":0,"menu_order":0,"comment_status":"closed","ping_status":"closed","template":"","meta":{"footnotes":""},"class_list":["post-2280","page","type-page","status-publish","hentry"],"_links":{"self":[{"href":"https:\/\/blot.ad\/fr\/wp-json\/wp\/v2\/pages\/2280","targetHints":{"allow":["GET"]}}],"collection":[{"href":"https:\/\/blot.ad\/fr\/wp-json\/wp\/v2\/pages"}],"about":[{"href":"https:\/\/blot.ad\/fr\/wp-json\/wp\/v2\/types\/page"}],"author":[{"embeddable":true,"href":"https:\/\/blot.ad\/fr\/wp-json\/wp\/v2\/users\/1"}],"replies":[{"embeddable":true,"href":"https:\/\/blot.ad\/fr\/wp-json\/wp\/v2\/comments?post=2280"}],"version-history":[{"count":0,"href":"https:\/\/blot.ad\/fr\/wp-json\/wp\/v2\/pages\/2280\/revisions"}],"wp:attachment":[{"href":"https:\/\/blot.ad\/fr\/wp-json\/wp\/v2\/media?parent=2280"}],"curies":[{"name":"wp","href":"https:\/\/api.w.org\/{rel}","templated":true}]}}