{"id":2290,"date":"2023-12-08T11:56:24","date_gmt":"2023-12-08T11:56:24","guid":{"rendered":"http:\/\/blot.ad\/privacy-policy\/"},"modified":"2023-12-11T11:55:04","modified_gmt":"2023-12-11T11:55:04","slug":"privacy-policy","status":"publish","type":"page","link":"https:\/\/blot.ad\/en\/privacy-policy\/","title":{"rendered":"Privacy <span>Policy<\/span>"},"content":{"rendered":"\n<p><strong>SOLICITUD Y TRATAMIENTO DE LOS DATOS<\/strong><\/p>\n\n<p>En el momento que el usuario decide registrarse en nuestra web, se solicitar\u00e1n los datos estrictamente necesarios para la finalidad por el cual est\u00e1 destinado este apartado.<\/p>\n\n<p>Los datos que nos faciliten ser\u00e1n incoporados a nuestro fichero de usuarios web, propiedad de LULA S.L., con la finalidad de poder atender y procesar adecuadamente las solicitudes de consulta remitidas, la gesti\u00f3n, la administraci\u00f3n, la prestaci\u00f3n, la ampliaci\u00f3n y la mejora de los servicios en los cuales decide subscribirse, darse de alta, o utilizar la adecuaci\u00f3n de estos servicios a las preferencias y a los gustos de los usuarios, el estudio de la utilizaci\u00f3n de los servicios por parte de los usuarios, el dise\u00f1o de nuevos servicios relacionados con estos servicios, el env\u00edo, por medios tradicionales y electr\u00f3nicos, de informaci\u00f3n t\u00e9cnica, operativa y comercial sobre productos y servicios ofrecidos por LULA S.L., actualmente y en el futuro.<\/p>\n\n<p>As\u00ed mismo, aseguramos que los datos personales de nuestros clientes o usuarios no pueden ser transferidos a ninguna empresa con ninguna finalidad.<\/p>\n\n<p>LULA S.L. remitir\u00e1 a los usuarios registrados en el sitio web, mediante comunicaciones electr\u00f3nicas (correo electr\u00f3nico, SMS) noticias y promociones relacionadas con las actividades empresariales, s\u00f3lo a los usuarios que previamente lo hayan autorizado a trav\u00e9s de los apartados Newsletter.<\/p>\n\n<p>LULA S.L. ha adoptado las medidas necesarias para garantizar la seguridad de los datos de car\u00e1cter personal como tambi\u00e9n evitar su alteraci\u00f3n, la p\u00e9rdida, el tratamiento o el acceso no autorizado, adapt\u00e1ndose a lo que se establece en la Llei qualificada 15\/2003, del 18 de diciembre, de protecci\u00f3n de datos personales.<\/p>\n\n<p>Al apretar el bot\u00f3n de enviar, el usuario est\u00e1 dando su consentimiento expreso e inequ\u00edvoco al tratamiento de sus datos, as\u00ed como la cesi\u00f3n a las empresas del mismo grupo. <\/p>\n\n<p><strong>Derecho de acceso, rectificaci\u00f3n, supresi\u00f3n y oposici\u00f3n <\/strong><\/p>\n\n<p>El usuario podr\u00e1 ejercer su derecho de acceso, rectificaci\u00f3n, supresi\u00f3n y oposici\u00f3n. En caso de tener el deseo de hacerlo pueden comunicarse al siguiente correo electr\u00f3nico: <a href=\"http:\/\/blotcraftbeer.com\" target=\"_blank\" rel=\"noopener\">blotcraftbeer.com<\/a> , o podr\u00e1 dirigirse directamente o por escrito a: Cami Ral no4, Edifici trebol de quatre fulles, PB1, Prats, Canillo, AD100.<\/p>\n\n<p><strong>Cookies <\/strong><\/p>\n\n<p>En ning\u00fan caso se usan las cookies para la adquisici\u00f3n de datos personales identificativas del usaurio ni se registran sus direcciones IP. El uso de las cookies se reserva exclusivamente para facilitar al usuario la accesibilidad al sitio web y para estad\u00edsticas. M\u00e1s informaci\u00f3n sobre nuestros cookies aqu\u00ed.<\/p>\n\n<p><strong>Propiedad intelectual<\/strong><\/p>\n\n<p>Los elementos inclu\u00eddos en este sitio web (fotos, dise\u00f1os, logotipos, etc.) no pueden ser reproducidos, usados, adaptados o comercializados sin la aprobaci\u00f3n escrita de LULA S.L. <\/p>\n\n<p><strong>Errores\/Omisiones<\/strong><\/p>\n\n<p>La informaci\u00f3n y el material contenido en este sitio web han estado controlados para que sean exactos; no obstante, esta informaci\u00f3n y material son suministrados sin ninguna garant\u00eda expresa o impl\u00edcita. LULA S.L. no asume ninguna responsabilidad para culaquier error u omisi\u00f3n en esta informaci\u00f3n y material.<\/p>\n\n<p><strong>Modificaciones de nuestra pol\u00edtica de privacidad<\/strong><\/p>\n\n<p>LULA S.L. se reserva el derecho, a su exclusiva discreci\u00f3n, de modificar, alterar, a\u00f1adir o eliminar partes de estas Pol\u00edticas de Privacidad en cualquier momento. Recomendamos que examine esta pol\u00edtica cada vez que visite el sitio web de LULA S.L. (blotcraftbeer.com)<\/p>\n\n<p><strong>CONDICIONES DE ACCESO AL SITIO WEB Y USO DE LOS PRODUCTOS Y<\/strong> <strong>SERVICIOS.<\/strong><\/p>\n\n<p>El acceso al sitio web de LULA S.L. (<a href=\"http:\/\/blotcraftbeer.com\" target=\"_blank\" rel=\"noopener\">blotcraftbeer.com<\/a>) es gratuito sin perjuicio que la adquisici\u00f3n de determinados productos y servicios o, si es necesario, contenidos que esta empresa ofrece est\u00e9 sujeto a los precios estipulados a las condiciones particulares de cada uno.<\/p>\n\n<p>El usuario se compromete y garantiza hacer uso del sitio web conforme a las disposiciones establecidas en estas condiciones, lo que se dispone en la normativa aplicable, as\u00ed como lo que hace referencia a la moral y a las buenas costumbres.<\/p>\n\n<p>En este sentido, el usuario se compromete a:<\/p>\n\n<ul class=\"wp-block-list\">\n<li>a) No utilizar ninguno de los servicios, productos y\/o contenidos que LULA S.L. (<a href=\"http:\/\/blotcraftbeer.com\" target=\"_blank\" rel=\"noopener\">blotcraftbeer.com<\/a>) pone a su disposici\u00f3n, por medios o con fines il\u00edcitos, o expresamente prohibidos en las disposiciones o en los efectos de los cuales puedan vulnerar o lesionar derechos, intereses o bienes de LULA S.L. o de terceros.<\/li>\n\n\n\n<li>b) Abstenerse de realizar cualquier actividad que pudiese da\u00f1ar, sobrecargar, deteriorar o impedir la actividad normal del sitio web de LULA S.L., as\u00ed como obtener los contenidos facilitados en el sitio web por medios il\u00edcitos, fraudulentos, robo o plagio de los mismos, de conformidad con lo que establece la normativa de aplicaci\u00f3n.<\/li>\n\n\n\n<li>c)No hacer un uso il\u00edcito de los productos, servicios y\/o contenidos o que pueda suponer un perjuicio para LULA S.L.<\/li>\n<\/ul>\n\n<p>En caso de que el usuario causase da\u00f1os a terceros, por hacer uso de cualquier producto, servicio, contenido y\/o herramienta facilitada a trav\u00e9s del sitio web, o hacer uso indebido, exonera expresamente a LULA S.L. de cualquier responsabilidad que le pueda ser imputada.<\/p>\n\n<p>A este efecto, el usuario asumir\u00e1 la responsabilidad \u00fanica y exclusiva que pueda derivarse como consecuencia de la anterior.<\/p>\n\n<p>LULA S.L., a fin de garantizar los derechos en cumplimiento de estas condiciones y el respeto a la legislaci\u00f3n vigente, podr\u00e1:<\/p>\n\n<ol class=\"wp-block-list\" style=\"list-style-type:lower-alpha\">\n<li>Proceder a la supervisi\u00f3n del servicio por medio de sus administradores con respeto en todo caso del secreto de las comunicaciones y de la intimidad del usuario.<\/li>\n\n\n\n<li>Interrumpir temporalmente el servicio sin preaviso y en cualquier momento por razones tecnol\u00f3gicas o legales que ser\u00e1n convenientemente motivadas en el sitio web.<\/li>\n\n\n\n<li>Modificar las condiciones de prestaci\u00f3n de los productos, servicios, contenidos y\/o herramientas, cuando as\u00ed lo aconsejen razones t\u00e9cnicas o por aplicaci\u00f3n de nuevas disposiciones legales.<\/li>\n\n\n\n<li>Modificar el contenido de los productos, servicios y\/o contenidos que integran el sitio web, sin necesidad de comunicarlo previamente, cuando por razones de su actividad as\u00ed lo consideren conveniente. As\u00ed mismmo, se reserva el derecho de no conceder el acceso a los servicios, productos, contenidos y\/o herramientas, sin previo aviso, a cualquier usuario que contradiga lo que se dispone en estas condiciones.<\/li>\n\n\n\n<li>Suprimir o retirar de los diferentes servicios, productos y\/o contenidos ofrecidos a trav\u00e9s de la p\u00e1gina web toda la informaci\u00f3n que pueda ser ilegal o simplemente ofensiva.<\/li>\n\n\n\n<li>Comunicar a los \u00f3rganos competentes que act\u00faen en el ejercicio de sus competencias, las conductas, actividades o datos presuntamente il\u00edcitos de los cuales LULA S.L. tenga conocimiento.<\/li>\n<\/ol>\n","protected":false},"excerpt":{"rendered":"<p>SOLICITUD Y TRATAMIENTO DE LOS DATOS En el momento que el usuario decide registrarse en nuestra web, se solicitar\u00e1n los datos estrictamente necesarios para la finalidad por el cual est\u00e1 destinado este apartado. Los datos que nos faciliten ser\u00e1n incoporados a nuestro fichero de usuarios web, propiedad de LULA S.L., con la finalidad de poder [&hellip;]<\/p>\n","protected":false},"author":1,"featured_media":0,"parent":0,"menu_order":0,"comment_status":"closed","ping_status":"closed","template":"","meta":{"footnotes":""},"class_list":["post-2290","page","type-page","status-publish","hentry"],"_links":{"self":[{"href":"https:\/\/blot.ad\/en\/wp-json\/wp\/v2\/pages\/2290","targetHints":{"allow":["GET"]}}],"collection":[{"href":"https:\/\/blot.ad\/en\/wp-json\/wp\/v2\/pages"}],"about":[{"href":"https:\/\/blot.ad\/en\/wp-json\/wp\/v2\/types\/page"}],"author":[{"embeddable":true,"href":"https:\/\/blot.ad\/en\/wp-json\/wp\/v2\/users\/1"}],"replies":[{"embeddable":true,"href":"https:\/\/blot.ad\/en\/wp-json\/wp\/v2\/comments?post=2290"}],"version-history":[{"count":0,"href":"https:\/\/blot.ad\/en\/wp-json\/wp\/v2\/pages\/2290\/revisions"}],"wp:attachment":[{"href":"https:\/\/blot.ad\/en\/wp-json\/wp\/v2\/media?parent=2290"}],"curies":[{"name":"wp","href":"https:\/\/api.w.org\/{rel}","templated":true}]}}