{"id":7974,"date":"2024-11-22T12:00:55","date_gmt":"2024-11-22T12:00:55","guid":{"rendered":"https:\/\/blot.ad\/craft-beer-food\/faqs\/"},"modified":"2025-12-22T09:32:11","modified_gmt":"2025-12-22T09:32:11","slug":"faqs","status":"publish","type":"page","link":"https:\/\/blot.ad\/ca\/craft-beer-food\/faqs\/","title":{"rendered":"FAQs"},"content":{"rendered":"\t\t<div data-elementor-type=\"wp-page\" data-elementor-id=\"7974\" class=\"elementor elementor-7974 elementor-7956\" data-elementor-post-type=\"page\">\n\t\t\t\t<div class=\"elementor-element elementor-element-9689442 c-box e-con-full e-flex e-con e-parent\" data-id=\"9689442\" data-element_type=\"container\" data-e-type=\"container\" data-settings=\"{&quot;jet_parallax_layout_list&quot;:[],&quot;background_background&quot;:&quot;classic&quot;}\">\n\t\t\t\t<div class=\"elementor-element elementor-element-ad39f62 elementor-widget__width-auto b-rotate elementor-widget elementor-widget-image\" data-id=\"ad39f62\" data-element_type=\"widget\" data-e-type=\"widget\" data-widget_type=\"image.default\">\n\t\t\t\t<div class=\"elementor-widget-container\">\n\t\t\t\t\t\t\t\t\t\t\t\t\t\t\t\t<a href=\"https:\/\/blot.ad\/craft-beer-food\/nuestra-carta\/\">\n\t\t\t\t\t\t\t<img fetchpriority=\"high\" decoding=\"async\" width=\"2527\" height=\"2489\" src=\"https:\/\/blot.ad\/wp-content\/uploads\/2024\/03\/menu-btn_ES.svg\" class=\"attachment-full size-full wp-image-4163\" alt=\"\" \/>\t\t\t\t\t\t\t\t<\/a>\n\t\t\t\t\t\t\t\t\t\t\t\t\t\t\t<\/div>\n\t\t\t\t<\/div>\n\t\t\t\t<div class=\"elementor-element elementor-element-7f98d88 b-titles elementor-widget elementor-widget-heading\" data-id=\"7f98d88\" data-element_type=\"widget\" data-e-type=\"widget\" data-widget_type=\"heading.default\">\n\t\t\t\t<div class=\"elementor-widget-container\">\n\t\t\t\t\t<h1 class=\"elementor-heading-title elementor-size-default\"><strong>FAQS<\/strong><\/h1>\t\t\t\t<\/div>\n\t\t\t\t<\/div>\n\t\t\t\t<\/div>\n\t\t<div class=\"elementor-element elementor-element-1335055 c-box e-flex e-con-boxed e-con e-parent\" data-id=\"1335055\" data-element_type=\"container\" data-e-type=\"container\" data-settings=\"{&quot;jet_parallax_layout_list&quot;:[]}\">\n\t\t\t\t\t<div class=\"e-con-inner\">\n\t\t\t\t<div class=\"elementor-element elementor-element-ab9530d elementor-widget elementor-widget-jet-accordion\" data-id=\"ab9530d\" data-element_type=\"widget\" data-e-type=\"widget\" data-widget_type=\"jet-accordion.default\">\n\t\t\t\t<div class=\"elementor-widget-container\">\n\t\t\t\t\t\t\t\t\t<div class=\"jet-accordion\" data-settings=\"{&quot;collapsible&quot;:false,&quot;ajaxTemplate&quot;:false,&quot;switchScrolling&quot;:false,&quot;switchScrollingTablet&quot;:false,&quot;switchScrollingMobile&quot;:false,&quot;switchScrollingOffset&quot;:{&quot;size&quot;:0,&quot;unit&quot;:&quot;px&quot;},&quot;switchScrollingOffsetTablet&quot;:{&quot;size&quot;:0,&quot;unit&quot;:&quot;px&quot;},&quot;switchScrollingOffsetMobile&quot;:{&quot;size&quot;:0,&quot;unit&quot;:&quot;px&quot;},&quot;switchScrollingDelay&quot;:500,&quot;switchScrollingDelayTablet&quot;:500,&quot;switchScrollingDelayMobile&quot;:500}\">\n\t\t\t<div class=\"jet-accordion__inner\">\n\t\t\t\t<div class=\" jet-accordion__item jet-toggle jet-toggle-move-up-effect \">\n\t\t\t\t\t\t\t<div id=\"jet-toggle-control-1791\" class=\"jet-toggle__control elementor-menu-anchor\" data-toggle=\"1\" role=\"button\" tabindex=\"0\" aria-controls=\"jet-toggle-content-1791\" aria-expanded=\"false\" data-template-id=\"false\">\n\t\t\t\t\t\t\t\t<div class=\"jet-toggle__label-icon jet-toggle-icon-position-right\"><span class=\"jet-toggle__icon icon-normal jet-tabs-icon\"><svg xmlns=\"http:\/\/www.w3.org\/2000\/svg\" id=\"b159ff04-3740-4ac3-96cc-b414ded50b3a\" data-name=\"Layer 1\" width=\"16\" height=\"16\" viewBox=\"0 0 16 16\"><polygon points=\"8.39 7.64 8.39 0 7.61 0 7.61 7.64 0 7.64 0 8.4 7.61 8.4 7.61 16 8.39 16 8.39 8.4 16 8.4 16 7.64 8.39 7.64\"><\/polygon><\/svg><\/span><span class=\"jet-toggle__icon icon-active jet-tabs-icon\"><svg xmlns=\"http:\/\/www.w3.org\/2000\/svg\" id=\"adf49d60-5815-4ece-8d49-00a021de5c06\" data-name=\"Layer 1\" width=\"16\" height=\"16\" viewBox=\"0 0 16 16\"><rect width=\"16\" height=\"16\" style=\"opacity:0\"><\/rect><rect y=\"7.64\" width=\"16\" height=\"0.76\"><\/rect><\/svg><\/span><\/div><div class=\"jet-toggle__label-text\">Accepteu mascotes? <\/div>\t\t\t\t\t\t\t<\/div>\n\t\t\t\t\t\t\t<div id=\"jet-toggle-content-1791\" class=\"jet-toggle__content\" data-toggle=\"1\" role=\"region\" data-template-id=\"false\">\n\t\t\t\t\t\t\t\t<div class=\"jet-toggle__content-inner\"><p data-pm-slice=\"1 1 []\">\u00c9s clar que si! Els animals s\u00f3n benvinguts sempre que puguin estar lligats i sota la supervisi\u00f3 dels seus amos. <\/p>\n<\/div>\n\t\t\t\t\t\t\t<\/div>\n\t\t\t\t\t\t<\/div><div class=\" jet-accordion__item jet-toggle jet-toggle-move-up-effect \">\n\t\t\t\t\t\t\t<div id=\"jet-toggle-control-1792\" class=\"jet-toggle__control elementor-menu-anchor\" data-toggle=\"2\" role=\"button\" tabindex=\"0\" aria-controls=\"jet-toggle-content-1792\" aria-expanded=\"false\" data-template-id=\"false\">\n\t\t\t\t\t\t\t\t<div class=\"jet-toggle__label-icon jet-toggle-icon-position-right\"><span class=\"jet-toggle__icon icon-normal jet-tabs-icon\"><svg xmlns=\"http:\/\/www.w3.org\/2000\/svg\" id=\"b159ff04-3740-4ac3-96cc-b414ded50b3a\" data-name=\"Layer 1\" width=\"16\" height=\"16\" viewBox=\"0 0 16 16\"><polygon points=\"8.39 7.64 8.39 0 7.61 0 7.61 7.64 0 7.64 0 8.4 7.61 8.4 7.61 16 8.39 16 8.39 8.4 16 8.4 16 7.64 8.39 7.64\"><\/polygon><\/svg><\/span><span class=\"jet-toggle__icon icon-active jet-tabs-icon\"><svg xmlns=\"http:\/\/www.w3.org\/2000\/svg\" id=\"adf49d60-5815-4ece-8d49-00a021de5c06\" data-name=\"Layer 1\" width=\"16\" height=\"16\" viewBox=\"0 0 16 16\"><rect width=\"16\" height=\"16\" style=\"opacity:0\"><\/rect><rect y=\"7.64\" width=\"16\" height=\"0.76\"><\/rect><\/svg><\/span><\/div><div class=\"jet-toggle__label-text\">Quin horari teniu? <\/div>\t\t\t\t\t\t\t<\/div>\n\t\t\t\t\t\t\t<div id=\"jet-toggle-content-1792\" class=\"jet-toggle__content\" data-toggle=\"2\" role=\"region\" data-template-id=\"false\">\n\t\t\t\t\t\t\t\t<div class=\"jet-toggle__content-inner\"><p data-pm-slice=\"1 1 []\"><strong>Canillo:<\/strong> 13:00 &#8211; 24:00 (Cuina tanca 22:30).<\/p>\n<p data-pm-slice=\"1 1 []\"><strong>Andorra:<\/strong> 13:00 \u2013 24:00 (La cuina tanca a les 22:30).<\/p>\n<p data-pm-slice=\"1 1 []\">Per a dates especials, si us plau, reviseu els horaris de Google.<\/p>\n<\/div>\n\t\t\t\t\t\t\t<\/div>\n\t\t\t\t\t\t<\/div><div class=\" jet-accordion__item jet-toggle jet-toggle-move-up-effect \">\n\t\t\t\t\t\t\t<div id=\"jet-toggle-control-1793\" class=\"jet-toggle__control elementor-menu-anchor\" data-toggle=\"3\" role=\"button\" tabindex=\"0\" aria-controls=\"jet-toggle-content-1793\" aria-expanded=\"false\" data-template-id=\"false\">\n\t\t\t\t\t\t\t\t<div class=\"jet-toggle__label-icon jet-toggle-icon-position-right\"><span class=\"jet-toggle__icon icon-normal jet-tabs-icon\"><svg xmlns=\"http:\/\/www.w3.org\/2000\/svg\" id=\"b159ff04-3740-4ac3-96cc-b414ded50b3a\" data-name=\"Layer 1\" width=\"16\" height=\"16\" viewBox=\"0 0 16 16\"><polygon points=\"8.39 7.64 8.39 0 7.61 0 7.61 7.64 0 7.64 0 8.4 7.61 8.4 7.61 16 8.39 16 8.39 8.4 16 8.4 16 7.64 8.39 7.64\"><\/polygon><\/svg><\/span><span class=\"jet-toggle__icon icon-active jet-tabs-icon\"><svg xmlns=\"http:\/\/www.w3.org\/2000\/svg\" id=\"adf49d60-5815-4ece-8d49-00a021de5c06\" data-name=\"Layer 1\" width=\"16\" height=\"16\" viewBox=\"0 0 16 16\"><rect width=\"16\" height=\"16\" style=\"opacity:0\"><\/rect><rect y=\"7.64\" width=\"16\" height=\"0.76\"><\/rect><\/svg><\/span><\/div><div class=\"jet-toggle__label-text\">\u00c9s necessari reservar? <\/div>\t\t\t\t\t\t\t<\/div>\n\t\t\t\t\t\t\t<div id=\"jet-toggle-content-1793\" class=\"jet-toggle__content\" data-toggle=\"3\" role=\"region\" data-template-id=\"false\">\n\t\t\t\t\t\t\t\t<div class=\"jet-toggle__content-inner\"><p data-pm-slice=\"1 1 []\">Per a una millor organitzaci\u00f3, sempre recomanem reservar. Puedes hacerlo directamente haciendo desde aqu\u00ed:<\/p>\n<p data-pm-slice=\"1 1 []\"><a href=\"https:\/\/blotcraftbeer.myrestoo.net\/ca\/reservar\" target=\"_blank\" rel=\"noopener\">Canillo<\/a><\/p>\n<p data-pm-slice=\"1 1 []\"><a href=\"https:\/\/blot-andorra.myrestoo.net\/es\/reservar\" target=\"_blank\" rel=\"noopener\">Andorra<\/a><\/p>\n<\/div>\n\t\t\t\t\t\t\t<\/div>\n\t\t\t\t\t\t<\/div><div class=\" jet-accordion__item jet-toggle jet-toggle-move-up-effect \">\n\t\t\t\t\t\t\t<div id=\"jet-toggle-control-1794\" class=\"jet-toggle__control elementor-menu-anchor\" data-toggle=\"4\" role=\"button\" tabindex=\"0\" aria-controls=\"jet-toggle-content-1794\" aria-expanded=\"false\" data-template-id=\"false\">\n\t\t\t\t\t\t\t\t<div class=\"jet-toggle__label-icon jet-toggle-icon-position-right\"><span class=\"jet-toggle__icon icon-normal jet-tabs-icon\"><svg xmlns=\"http:\/\/www.w3.org\/2000\/svg\" id=\"b159ff04-3740-4ac3-96cc-b414ded50b3a\" data-name=\"Layer 1\" width=\"16\" height=\"16\" viewBox=\"0 0 16 16\"><polygon points=\"8.39 7.64 8.39 0 7.61 0 7.61 7.64 0 7.64 0 8.4 7.61 8.4 7.61 16 8.39 16 8.39 8.4 16 8.4 16 7.64 8.39 7.64\"><\/polygon><\/svg><\/span><span class=\"jet-toggle__icon icon-active jet-tabs-icon\"><svg xmlns=\"http:\/\/www.w3.org\/2000\/svg\" id=\"adf49d60-5815-4ece-8d49-00a021de5c06\" data-name=\"Layer 1\" width=\"16\" height=\"16\" viewBox=\"0 0 16 16\"><rect width=\"16\" height=\"16\" style=\"opacity:0\"><\/rect><rect y=\"7.64\" width=\"16\" height=\"0.76\"><\/rect><\/svg><\/span><\/div><div class=\"jet-toggle__label-text\">Quan hi ha m\u00fasica en viu o m\u00e0gia de prop?<\/div>\t\t\t\t\t\t\t<\/div>\n\t\t\t\t\t\t\t<div id=\"jet-toggle-content-1794\" class=\"jet-toggle__content\" data-toggle=\"4\" role=\"region\" data-template-id=\"false\">\n\t\t\t\t\t\t\t\t<div class=\"jet-toggle__content-inner\"><p data-pm-slice=\"1 1 []\">Pots veure el calendari complet d&#8217;esdeveniments que tenim confirmats fent clic <u><strong><a href=\"#calendario\">aqu\u00ed<\/a><\/strong> .<\/u><\/p>\n<\/div>\n\t\t\t\t\t\t\t<\/div>\n\t\t\t\t\t\t<\/div><div class=\" jet-accordion__item jet-toggle jet-toggle-move-up-effect \">\n\t\t\t\t\t\t\t<div id=\"jet-toggle-control-1795\" class=\"jet-toggle__control elementor-menu-anchor\" data-toggle=\"5\" role=\"button\" tabindex=\"0\" aria-controls=\"jet-toggle-content-1795\" aria-expanded=\"false\" data-template-id=\"false\">\n\t\t\t\t\t\t\t\t<div class=\"jet-toggle__label-icon jet-toggle-icon-position-right\"><span class=\"jet-toggle__icon icon-normal jet-tabs-icon\"><svg xmlns=\"http:\/\/www.w3.org\/2000\/svg\" id=\"b159ff04-3740-4ac3-96cc-b414ded50b3a\" data-name=\"Layer 1\" width=\"16\" height=\"16\" viewBox=\"0 0 16 16\"><polygon points=\"8.39 7.64 8.39 0 7.61 0 7.61 7.64 0 7.64 0 8.4 7.61 8.4 7.61 16 8.39 16 8.39 8.4 16 8.4 16 7.64 8.39 7.64\"><\/polygon><\/svg><\/span><span class=\"jet-toggle__icon icon-active jet-tabs-icon\"><svg xmlns=\"http:\/\/www.w3.org\/2000\/svg\" id=\"adf49d60-5815-4ece-8d49-00a021de5c06\" data-name=\"Layer 1\" width=\"16\" height=\"16\" viewBox=\"0 0 16 16\"><rect width=\"16\" height=\"16\" style=\"opacity:0\"><\/rect><rect y=\"7.64\" width=\"16\" height=\"0.76\"><\/rect><\/svg><\/span><\/div><div class=\"jet-toggle__label-text\">Teniu opcions vegetarianes, veganes o sense gluten?<\/div>\t\t\t\t\t\t\t<\/div>\n\t\t\t\t\t\t\t<div id=\"jet-toggle-content-1795\" class=\"jet-toggle__content\" data-toggle=\"5\" role=\"region\" data-template-id=\"false\">\n\t\t\t\t\t\t\t\t<div class=\"jet-toggle__content-inner\"><p data-pm-slice=\"1 1 []\">Reunim la tribu perqu\u00e8 tots gaudeixin de l&#8217;experi\u00e8ncia i aix\u00f2 vol dir que tenim diverses opcions per a tots. Mira amb detall la nostra carta i si tens dubtes, pots preguntar als membres de l&#8217;equip que estaran encantats de recomanar-te. <\/p>\n<\/div>\n\t\t\t\t\t\t\t<\/div>\n\t\t\t\t\t\t<\/div><div class=\" jet-accordion__item jet-toggle jet-toggle-move-up-effect \">\n\t\t\t\t\t\t\t<div id=\"jet-toggle-control-1796\" class=\"jet-toggle__control elementor-menu-anchor\" data-toggle=\"6\" role=\"button\" tabindex=\"0\" aria-controls=\"jet-toggle-content-1796\" aria-expanded=\"false\" data-template-id=\"false\">\n\t\t\t\t\t\t\t\t<div class=\"jet-toggle__label-icon jet-toggle-icon-position-right\"><span class=\"jet-toggle__icon icon-normal jet-tabs-icon\"><svg xmlns=\"http:\/\/www.w3.org\/2000\/svg\" id=\"b159ff04-3740-4ac3-96cc-b414ded50b3a\" data-name=\"Layer 1\" width=\"16\" height=\"16\" viewBox=\"0 0 16 16\"><polygon points=\"8.39 7.64 8.39 0 7.61 0 7.61 7.64 0 7.64 0 8.4 7.61 8.4 7.61 16 8.39 16 8.39 8.4 16 8.4 16 7.64 8.39 7.64\"><\/polygon><\/svg><\/span><span class=\"jet-toggle__icon icon-active jet-tabs-icon\"><svg xmlns=\"http:\/\/www.w3.org\/2000\/svg\" id=\"adf49d60-5815-4ece-8d49-00a021de5c06\" data-name=\"Layer 1\" width=\"16\" height=\"16\" viewBox=\"0 0 16 16\"><rect width=\"16\" height=\"16\" style=\"opacity:0\"><\/rect><rect y=\"7.64\" width=\"16\" height=\"0.76\"><\/rect><\/svg><\/span><\/div><div class=\"jet-toggle__label-text\">Puc demanar menjar per emportar o entrega a domicili?<\/div>\t\t\t\t\t\t\t<\/div>\n\t\t\t\t\t\t\t<div id=\"jet-toggle-content-1796\" class=\"jet-toggle__content\" data-toggle=\"6\" role=\"region\" data-template-id=\"false\">\n\t\t\t\t\t\t\t\t<div class=\"jet-toggle__content-inner\"><p data-pm-slice=\"1 1 []\">Per descomptat! Viu l\u2019experi\u00e8ncia v\u00edking des de la comoditat de casa teva. Podeu demanar a domicili des de l\u2019app de City Xerpa.  <\/p>\n<\/div>\n\t\t\t\t\t\t\t<\/div>\n\t\t\t\t\t\t<\/div>\t\t\t<\/div>\n\t\t<\/div>\n\t\t\t\t\t\t<\/div>\n\t\t\t\t<\/div>\n\t\t\t\t\t<\/div>\n\t\t\t\t<\/div>\n\t\t<div class=\"elementor-element elementor-element-ef780d3 c-box e-flex e-con-boxed e-con e-parent\" data-id=\"ef780d3\" data-element_type=\"container\" data-e-type=\"container\" data-settings=\"{&quot;background_background&quot;:&quot;classic&quot;,&quot;jet_parallax_layout_list&quot;:[]}\">\n\t\t\t\t\t<div class=\"e-con-inner\">\n\t\t<div class=\"elementor-element elementor-element-049db86 e-con-full e-flex e-con e-child\" data-id=\"049db86\" data-element_type=\"container\" data-e-type=\"container\" data-settings=\"{&quot;jet_parallax_layout_list&quot;:[]}\">\n\t\t\t\t<div class=\"elementor-element elementor-element-e213b61 b-titles-home elementor-widget elementor-widget-heading\" data-id=\"e213b61\" data-element_type=\"widget\" data-e-type=\"widget\" data-widget_type=\"heading.default\">\n\t\t\t\t<div class=\"elementor-widget-container\">\n\t\t\t\t\t<h2 class=\"elementor-heading-title elementor-size-default\">ES PART<br><span>DE LA TRIBU<\/span><\/h2>\t\t\t\t<\/div>\n\t\t\t\t<\/div>\n\t\t\t\t<\/div>\n\t\t<div class=\"elementor-element elementor-element-e474f60 e-con-full e-flex e-con e-child\" data-id=\"e474f60\" data-element_type=\"container\" data-e-type=\"container\" data-settings=\"{&quot;jet_parallax_layout_list&quot;:[]}\">\n\t\t\t\t<div class=\"elementor-element elementor-element-a470274 elementor-widget__width-inherit elementor-widget elementor-widget-text-editor\" data-id=\"a470274\" data-element_type=\"widget\" data-e-type=\"widget\" data-widget_type=\"text-editor.default\">\n\t\t\t\t<div class=\"elementor-widget-container\">\n\t\t\t\t\t\t\t\t\t<p data-pm-slice=\"1 1 []\"><strong>Atenci\u00f3 valentes vikings a aquest cridat a formar part de la nostra tribu. <\/strong><\/p><p><strong>Aquesta emocionant travessa est\u00e0 plena d&#8217;honor, recompenses i experi\u00e8ncies pensades especialment per agrair la vostra lleialtat i proximitat.<\/strong><\/p><p><a href=\"http:\/\/blot.ad\/tribu\/\">M\u00c9S INFORMACI\u00d3<\/a><\/p>\t\t\t\t\t\t\t\t<\/div>\n\t\t\t\t<\/div>\n\t\t\t\t<div class=\"elementor-element elementor-element-7d1ec07 elementor-widget elementor-widget-button\" data-id=\"7d1ec07\" data-element_type=\"widget\" data-e-type=\"widget\" data-widget_type=\"button.default\">\n\t\t\t\t<div class=\"elementor-widget-container\">\n\t\t\t\t\t\t\t\t\t<div class=\"elementor-button-wrapper\">\n\t\t\t\t\t<a class=\"elementor-button elementor-button-link elementor-size-sm\" href=\"https:\/\/portal.cheerfy.com\/?portal_id=51af4ec5d18d4a62a9045dff674dac10\" target=\"_blank\" rel=\"noopener\">\n\t\t\t\t\t\t<span class=\"elementor-button-content-wrapper\">\n\t\t\t\t\t\t\t\t\t<span class=\"elementor-button-text\">VULL SER PART<\/span>\n\t\t\t\t\t<\/span>\n\t\t\t\t\t<\/a>\n\t\t\t\t<\/div>\n\t\t\t\t\t\t\t\t<\/div>\n\t\t\t\t<\/div>\n\t\t\t\t<\/div>\n\t\t\t\t\t<\/div>\n\t\t\t\t<\/div>\n\t\t\t\t<\/div>\n\t\t","protected":false},"excerpt":{"rendered":"<p>FAQS Accepteu mascotes? \u00c9s clar que si! Els animals s\u00f3n benvinguts sempre que puguin estar lligats i sota la supervisi\u00f3 dels seus amos. Quin horari teniu? Canillo: 13:00 &#8211; 24:00 (Cuina tanca 22:30). Andorra: 13:00 \u2013 24:00 (La cuina tanca a les 22:30). Per a dates especials, si us plau, reviseu els horaris de Google. [&hellip;]<\/p>\n","protected":false},"author":1,"featured_media":0,"parent":2248,"menu_order":0,"comment_status":"closed","ping_status":"closed","template":"","meta":{"footnotes":""},"class_list":["post-7974","page","type-page","status-publish","hentry"],"_links":{"self":[{"href":"https:\/\/blot.ad\/ca\/wp-json\/wp\/v2\/pages\/7974","targetHints":{"allow":["GET"]}}],"collection":[{"href":"https:\/\/blot.ad\/ca\/wp-json\/wp\/v2\/pages"}],"about":[{"href":"https:\/\/blot.ad\/ca\/wp-json\/wp\/v2\/types\/page"}],"author":[{"embeddable":true,"href":"https:\/\/blot.ad\/ca\/wp-json\/wp\/v2\/users\/1"}],"replies":[{"embeddable":true,"href":"https:\/\/blot.ad\/ca\/wp-json\/wp\/v2\/comments?post=7974"}],"version-history":[{"count":7,"href":"https:\/\/blot.ad\/ca\/wp-json\/wp\/v2\/pages\/7974\/revisions"}],"predecessor-version":[{"id":9593,"href":"https:\/\/blot.ad\/ca\/wp-json\/wp\/v2\/pages\/7974\/revisions\/9593"}],"up":[{"embeddable":true,"href":"https:\/\/blot.ad\/ca\/wp-json\/wp\/v2\/pages\/2248"}],"wp:attachment":[{"href":"https:\/\/blot.ad\/ca\/wp-json\/wp\/v2\/media?parent=7974"}],"curies":[{"name":"wp","href":"https:\/\/api.w.org\/{rel}","templated":true}]}}